{"id":99,"date":"2025-11-28T04:02:53","date_gmt":"2025-11-28T04:02:53","guid":{"rendered":"https:\/\/chinesedanceschool.com.au\/?page_id=99"},"modified":"2025-11-28T05:19:17","modified_gmt":"2025-11-28T05:19:17","slug":"tai-chi-classes","status":"publish","type":"page","link":"https:\/\/chinesedanceschool.com.au\/zh\/tai-chi-classes\/","title":{"rendered":"\u592a\u6781\u8bfe\u7a0b"},"content":{"rendered":"<section class=\"wpb-content-wrapper\"><div class=\"vc_row wpb_row vc_row-fluid\"><div class=\"wpb_column vc_column_container vc_col-sm-12\"><div class=\"vc_column-inner\"><div class=\"wpb_wrapper\">\n\t<div  class=\"wpb_single_image wpb_content_element vc_align_center\">\n\t\t\n\t\t<figure class=\"wpb_wrapper vc_figure\">\n\t\t\t<div class=\"vc_single_image-wrapper   vc_box_border_grey\"><img loading=\"lazy\" decoding=\"async\" width=\"600\" height=\"600\" src=\"https:\/\/chinesedanceschool.com.au\/wp-content\/uploads\/2025\/02\/Chinese-Tai-Chi.webp\" class=\"vc_single_image-img attachment-full\" alt=\"Tai Chi Classes\" title=\"Chinese-Tai-Chi\" srcset=\"https:\/\/chinesedanceschool.com.au\/wp-content\/uploads\/2025\/02\/Chinese-Tai-Chi.webp 600w, https:\/\/chinesedanceschool.com.au\/wp-content\/uploads\/2025\/02\/Chinese-Tai-Chi-300x300.webp 300w, https:\/\/chinesedanceschool.com.au\/wp-content\/uploads\/2025\/02\/Chinese-Tai-Chi-150x150.webp 150w\" sizes=\"auto, (max-width: 600px) 100vw, 600px\" \/><\/div>\n\t\t<\/figure>\n\t<\/div>\n<h1 style=\"color: #ffffff;text-align: left;font-family:Abel;font-weight:400;font-style:normal\" class=\"vc_custom_heading vc_custom_1764302548677\" >\u592a\u6781\u62f3<\/h1>\n\t<div class=\"wpb_text_column wpb_content_element\" >\n\t\t<div class=\"wpb_wrapper\">\n\t\t\t<p>\u592a\u6781\u62f3\u662f\u4e00\u79cd\u4e2d\u56fd\u6b66\u672f\uff0c\u4ee5\u5176\u67d4\u548c\u6d41\u7545\u7684\u52a8\u4f5c\u548c\u51a5\u60f3\u7279\u8d28\u800c\u95fb\u540d\u3002\u592a\u6781\u62f3\u8d77\u6e90\u4e8e 17 \u4e16\u7eaa\uff0c\u878d\u5408\u4e86\u6b66\u672f\u3001\u4f20\u7edf\u4e2d\u533b\u548c\u54f2\u5b66\u7684\u539f\u7406\uff0c\u4ee5\u4fc3\u8fdb\u5e73\u8861\u3001\u653e\u677e\u548c\u5e73\u9759\u3002<\/p>\n<p>381 \/ 5,000 \u4e2d\u56fd\u821e\u8e48\u5b66\u6821\u7684\u592a\u6781\u8bfe\u7a0b\u4fa7\u91cd\u4e8e\u6768\u5f0f\u592a\u6781\u62f3\uff0c\u5176\u7279\u70b9\u662f\u52a8\u4f5c\u4f18\u96c5\u800c\u4ece\u5bb9\u3002\u5b66\u751f\u5b66\u4e60\u5c06\u547c\u5438\u4e0e\u52a8\u4f5c\u534f\u8c03\u8d77\u6765\uff0c\u589e\u5f3a\u8eab\u4f53\u5065\u5eb7\u548c\u5fc3\u7406\u5065\u5eb7\u3002\u65e0\u8bba\u60a8\u662f\u5bfb\u6c42\u7f13\u89e3\u538b\u529b\u3001\u63d0\u9ad8\u7075\u6d3b\u6027\u8fd8\u662f\u66f4\u6df1\u5165\u5730\u4e86\u89e3\u4e2d\u56fd\u6587\u5316\uff0c\u6211\u4eec\u7684\u592a\u6781\u8bfe\u7a0b\u90fd\u80fd\u4e3a\u60a8\u63d0\u4f9b\u4ee4\u4eba\u6ee1\u610f\u7684\u4f53\u9a8c\u3002<\/p>\n\n\t\t<\/div>\n\t<\/div>\n<\/div><\/div><\/div><\/div>\n<\/section>","protected":false},"excerpt":{"rendered":"Tai Chi Tai Chi, or \u201cT\u00e0ij\u00edqu\u00e1n,\u201d is a Chinese martial art renowned for its gentle, flowing movements and meditative qualities. Originating in the 17th century, Tai Chi combines principles from martial arts, traditional Chinese medicine and philosophy to promote balance, relaxation and peace. Our Tai Chi classes at the Chinese Dance School focus on the [...]","protected":false},"author":1,"featured_media":0,"parent":0,"menu_order":0,"comment_status":"closed","ping_status":"closed","template":"","meta":{"footnotes":""},"class_list":["post-99","page","type-page","status-publish","hentry"],"yoast_head":"<!-- This site is optimized with the Yoast SEO plugin v26.4 - https:\/\/yoast.com\/wordpress\/plugins\/seo\/ -->\n<title>Tai Chi Classes in Sydney | The Chinese Dance School<\/title>\n<meta name=\"description\" content=\"Experience the calming benefits of Tai Chi with our expert-led classes in Sydney. Improve balance, reduce stress and promote overall well-being. Sign up!\" \/>\n<meta name=\"robots\" content=\"index, follow, max-snippet:-1, max-image-preview:large, max-video-preview:-1\" \/>\n<link rel=\"canonical\" href=\"https:\/\/chinesedanceschool.com.au\/zh\/tai-chi-classes\/\" \/>\n<meta property=\"og:locale\" content=\"zh_CN\" \/>\n<meta property=\"og:type\" content=\"article\" \/>\n<meta property=\"og:title\" content=\"Tai Chi Classes in Sydney | The Chinese Dance School\" \/>\n<meta property=\"og:description\" content=\"Experience the calming benefits of Tai Chi with our expert-led classes in Sydney. Improve balance, reduce stress and promote overall well-being. Sign up!\" \/>\n<meta property=\"og:url\" content=\"https:\/\/chinesedanceschool.com.au\/zh\/tai-chi-classes\/\" \/>\n<meta property=\"og:site_name\" content=\"Chinese Dance School\" \/>\n<meta property=\"article:modified_time\" content=\"2025-11-28T05:19:17+00:00\" \/>\n<meta name=\"twitter:card\" content=\"summary_large_image\" \/>\n<meta name=\"twitter:label1\" content=\"\u9884\u8ba1\u9605\u8bfb\u65f6\u95f4\" \/>\n\t<meta name=\"twitter:data1\" content=\"1 \u5206\" \/>\n<script type=\"application\/ld+json\" class=\"yoast-schema-graph\">{\"@context\":\"https:\/\/schema.org\",\"@graph\":[{\"@type\":\"WebPage\",\"@id\":\"https:\/\/chinesedanceschool.com.au\/tai-chi-classes\/\",\"url\":\"https:\/\/chinesedanceschool.com.au\/tai-chi-classes\/\",\"name\":\"Tai Chi Classes in Sydney | The Chinese Dance School\",\"isPartOf\":{\"@id\":\"https:\/\/chinesedanceschool.com.au\/#website\"},\"datePublished\":\"2025-11-28T04:02:53+00:00\",\"dateModified\":\"2025-11-28T05:19:17+00:00\",\"description\":\"Experience the calming benefits of Tai Chi with our expert-led classes in Sydney. Improve balance, reduce stress and promote overall well-being. Sign up!\",\"breadcrumb\":{\"@id\":\"https:\/\/chinesedanceschool.com.au\/tai-chi-classes\/#breadcrumb\"},\"inLanguage\":\"zh-Hans\",\"potentialAction\":[{\"@type\":\"ReadAction\",\"target\":[\"https:\/\/chinesedanceschool.com.au\/tai-chi-classes\/\"]}]},{\"@type\":\"BreadcrumbList\",\"@id\":\"https:\/\/chinesedanceschool.com.au\/tai-chi-classes\/#breadcrumb\",\"itemListElement\":[{\"@type\":\"ListItem\",\"position\":1,\"name\":\"Home\",\"item\":\"https:\/\/chinesedanceschool.com.au\/\"},{\"@type\":\"ListItem\",\"position\":2,\"name\":\"Tai Chi Classes\"}]},{\"@type\":\"WebSite\",\"@id\":\"https:\/\/chinesedanceschool.com.au\/#website\",\"url\":\"https:\/\/chinesedanceschool.com.au\/\",\"name\":\"Chinese Dance School\",\"description\":\"Bringing China to you...\",\"potentialAction\":[{\"@type\":\"SearchAction\",\"target\":{\"@type\":\"EntryPoint\",\"urlTemplate\":\"https:\/\/chinesedanceschool.com.au\/?s={search_term_string}\"},\"query-input\":{\"@type\":\"PropertyValueSpecification\",\"valueRequired\":true,\"valueName\":\"search_term_string\"}}],\"inLanguage\":\"zh-Hans\"}]}<\/script>\n<!-- \/ Yoast SEO plugin. -->","yoast_head_json":{"title":"Tai Chi Classes in Sydney | The Chinese Dance School","description":"Experience the calming benefits of Tai Chi with our expert-led classes in Sydney. Improve balance, reduce stress and promote overall well-being. Sign up!","robots":{"index":"index","follow":"follow","max-snippet":"max-snippet:-1","max-image-preview":"max-image-preview:large","max-video-preview":"max-video-preview:-1"},"canonical":"https:\/\/chinesedanceschool.com.au\/zh\/tai-chi-classes\/","og_locale":"zh_CN","og_type":"article","og_title":"Tai Chi Classes in Sydney | The Chinese Dance School","og_description":"Experience the calming benefits of Tai Chi with our expert-led classes in Sydney. Improve balance, reduce stress and promote overall well-being. Sign up!","og_url":"https:\/\/chinesedanceschool.com.au\/zh\/tai-chi-classes\/","og_site_name":"Chinese Dance School","article_modified_time":"2025-11-28T05:19:17+00:00","twitter_card":"summary_large_image","twitter_misc":{"\u9884\u8ba1\u9605\u8bfb\u65f6\u95f4":"1 \u5206"},"schema":{"@context":"https:\/\/schema.org","@graph":[{"@type":"WebPage","@id":"https:\/\/chinesedanceschool.com.au\/tai-chi-classes\/","url":"https:\/\/chinesedanceschool.com.au\/tai-chi-classes\/","name":"Tai Chi Classes in Sydney | The Chinese Dance School","isPartOf":{"@id":"https:\/\/chinesedanceschool.com.au\/#website"},"datePublished":"2025-11-28T04:02:53+00:00","dateModified":"2025-11-28T05:19:17+00:00","description":"Experience the calming benefits of Tai Chi with our expert-led classes in Sydney. Improve balance, reduce stress and promote overall well-being. Sign up!","breadcrumb":{"@id":"https:\/\/chinesedanceschool.com.au\/tai-chi-classes\/#breadcrumb"},"inLanguage":"zh-Hans","potentialAction":[{"@type":"ReadAction","target":["https:\/\/chinesedanceschool.com.au\/tai-chi-classes\/"]}]},{"@type":"BreadcrumbList","@id":"https:\/\/chinesedanceschool.com.au\/tai-chi-classes\/#breadcrumb","itemListElement":[{"@type":"ListItem","position":1,"name":"Home","item":"https:\/\/chinesedanceschool.com.au\/"},{"@type":"ListItem","position":2,"name":"Tai Chi Classes"}]},{"@type":"WebSite","@id":"https:\/\/chinesedanceschool.com.au\/#website","url":"https:\/\/chinesedanceschool.com.au\/","name":"\u6089\u5c3c\u4e2d\u56fd\u821e\u8e48\u5b66\u6821","description":"Bringing China to you...","potentialAction":[{"@type":"SearchAction","target":{"@type":"EntryPoint","urlTemplate":"https:\/\/chinesedanceschool.com.au\/?s={search_term_string}"},"query-input":{"@type":"PropertyValueSpecification","valueRequired":true,"valueName":"search_term_string"}}],"inLanguage":"zh-Hans"}]}},"_links":{"self":[{"href":"https:\/\/chinesedanceschool.com.au\/zh\/wp-json\/wp\/v2\/pages\/99","targetHints":{"allow":["GET"]}}],"collection":[{"href":"https:\/\/chinesedanceschool.com.au\/zh\/wp-json\/wp\/v2\/pages"}],"about":[{"href":"https:\/\/chinesedanceschool.com.au\/zh\/wp-json\/wp\/v2\/types\/page"}],"author":[{"embeddable":true,"href":"https:\/\/chinesedanceschool.com.au\/zh\/wp-json\/wp\/v2\/users\/1"}],"replies":[{"embeddable":true,"href":"https:\/\/chinesedanceschool.com.au\/zh\/wp-json\/wp\/v2\/comments?post=99"}],"version-history":[{"count":1,"href":"https:\/\/chinesedanceschool.com.au\/zh\/wp-json\/wp\/v2\/pages\/99\/revisions"}],"predecessor-version":[{"id":100,"href":"https:\/\/chinesedanceschool.com.au\/zh\/wp-json\/wp\/v2\/pages\/99\/revisions\/100"}],"wp:attachment":[{"href":"https:\/\/chinesedanceschool.com.au\/zh\/wp-json\/wp\/v2\/media?parent=99"}],"curies":[{"name":"wp","href":"https:\/\/api.w.org\/{rel}","templated":true}]}}